{"id":4794,"date":"2022-09-21T11:24:38","date_gmt":"2022-09-21T11:24:38","guid":{"rendered":"https:\/\/www.fr8.app\/c-onboarding-coppell\/"},"modified":"2022-09-21T12:52:42","modified_gmt":"2022-09-21T12:52:42","slug":"c-onboarding-coppell","status":"publish","type":"page","link":"https:\/\/www.fr8.app\/es\/c-onboarding-coppell\/","title":{"rendered":"c-onboarding-coppell"},"content":{"rendered":"<p>[et_pb_section fb_built=\u00bb1&#8243; disabled_on=\u00bbon|on|off\u00bb _builder_version=\u00bb4.17.4&#8243; background_enable_color=\u00bboff\u00bb background_image=\u00bbhttps:\/\/www.fr8.app\/wp-content\/uploads\/2022\/09\/fr8app-truck-2-low2.webp\u00bb background_position=\u00bbbottom_center\u00bb height=\u00bb400px\u00bb custom_margin=\u00bb57px||||false|false\u00bb custom_margin_tablet=\u00bb\u00bb custom_margin_phone=\u00bb\u00bb custom_margin_last_edited=\u00bbon|phone\u00bb custom_padding=\u00bb||5px|0px|false|false\u00bb global_colors_info=\u00bb{}\u00bb][et_pb_row column_structure=\u00bb1_2,1_2&#8243; _builder_version=\u00bb4.17.4&#8243; _module_preset=\u00bbdefault\u00bb custom_margin=\u00bb-41px||||false|false\u00bb custom_padding=\u00bb|65px||||\u00bb hover_enabled=\u00bb0&#8243; global_colors_info=\u00bb{}\u00bb sticky_enabled=\u00bb0&#8243;][et_pb_column type=\u00bb1_2&#8243; _builder_version=\u00bb4.17.4&#8243; _module_preset=\u00bbdefault\u00bb global_colors_info=\u00bb{}\u00bb][\/et_pb_column][et_pb_column type=\u00bb1_2&#8243; _builder_version=\u00bb4.17.4&#8243; _module_preset=\u00bbdefault\u00bb global_colors_info=\u00bb{}\u00bb][et_pb_text disabled_on=\u00bbon|on|off\u00bb _builder_version=\u00bb4.17.4&#8243; _module_preset=\u00bbdefault\u00bb text_font=\u00bbAlata||||||||\u00bb text_font_size=\u00bb17px\u00bb width=\u00bb100%\u00bb custom_padding=\u00bb6px|||||\u00bb global_colors_info=\u00bb{}\u00bb]<\/p>\n<h1 style=\"text-align: right;\"><span style=\"color: #ffffff;\">\u00bfBuscas carga desde Coppell, TX?<\/span><\/h1>\n<p style=\"text-align: right;\"><span style=\"color: #ffffff;\">\u00a1Reg\u00edstrate en Fr8App hoy y comienza a mover cargas!<\/span><\/p>\n<blockquote><\/blockquote>\n<p>[\/et_pb_text][et_pb_button button_url=\u00bbhttps:\/\/fr8hubcarriers.rmissecure.com\/_c\/std\/reg\/DOTLookupStdV3.aspx#nogo\u00bb button_text=\u00bbReg\u00edstrate\u00bb button_alignment=\u00bbright\u00bb _builder_version=\u00bb4.17.4&#8243; _module_preset=\u00bbdefault\u00bb custom_button=\u00bbon\u00bb button_text_size=\u00bb24px\u00bb button_text_color=\u00bb#FFFFFF\u00bb button_bg_color=\u00bb#a3242c\u00bb button_border_width=\u00bb0px\u00bb button_border_color=\u00bb#000000&#8243; button_border_radius=\u00bb8px\u00bb button_letter_spacing=\u00bb0px\u00bb button_font=\u00bbAlata||||||||\u00bb button_icon=\u00bb&#x24;||divi||400&#8243; button_icon_color=\u00bb#FFFFFF\u00bb button_icon_placement=\u00bbleft\u00bb animation_style=\u00bbfade\u00bb animation_duration=\u00bb150ms\u00bb global_colors_info=\u00bb{}\u00bb][\/et_pb_button][\/et_pb_column][\/et_pb_row][\/et_pb_section][et_pb_section fb_built=\u00bb1&#8243; disabled_on=\u00bboff|off|on\u00bb _builder_version=\u00bb4.17.4&#8243; background_enable_color=\u00bboff\u00bb background_image=\u00bbhttps:\/\/www.fr8.app\/wp-content\/uploads\/2022\/09\/fr8app-truck-2-low2.webp\u00bb background_position=\u00bbbottom_right\u00bb background_horizontal_offset=\u00bb72%\u00bb height=\u00bb400px\u00bb custom_margin_tablet=\u00bb\u00bb custom_margin_phone=\u00bb\u00bb custom_margin_last_edited=\u00bbon|phone\u00bb custom_padding=\u00bb||5px|0px|false|false\u00bb global_colors_info=\u00bb{}\u00bb][et_pb_row column_structure=\u00bb1_2,1_2&#8243; _builder_version=\u00bb4.17.4&#8243; _module_preset=\u00bbdefault\u00bb width=\u00bb92.6%\u00bb custom_margin=\u00bb-80px||||false|false\u00bb custom_padding=\u00bb139px|0px||||\u00bb hover_enabled=\u00bb0&#8243; global_colors_info=\u00bb{}\u00bb sticky_enabled=\u00bb0&#8243;][et_pb_column type=\u00bb1_2&#8243; _builder_version=\u00bb4.17.4&#8243; _module_preset=\u00bbdefault\u00bb global_colors_info=\u00bb{}\u00bb][\/et_pb_column][et_pb_column type=\u00bb1_2&#8243; _builder_version=\u00bb4.17.4&#8243; _module_preset=\u00bbdefault\u00bb global_colors_info=\u00bb{}\u00bb][et_pb_text disabled_on=\u00bboff|off|on\u00bb _builder_version=\u00bb4.17.4&#8243; _module_preset=\u00bbdefault\u00bb text_font=\u00bbAlata||||||||\u00bb width=\u00bb100%\u00bb custom_padding=\u00bb6px|||||\u00bb global_colors_info=\u00bb{}\u00bb]<\/p>\n<h1 style=\"text-align: right;\"><span style=\"color: #ffffff;\">Buscas cargas desde Coppell, TX?<\/span><\/h1>\n<p style=\"text-align: right;\"><span style=\"color: #ffffff;\">\u00a1Reg\u00edstrate en Fr8App hoy y comienza a mover cargas!<\/span><\/p>\n<blockquote><\/blockquote>\n<p>[\/et_pb_text][et_pb_button button_url=\u00bbhttps:\/\/fr8hubcarriers.rmissecure.com\/_c\/std\/reg\/DOTLookupStdV3.aspx#nogo\u00bb button_text=\u00bbReg\u00edstrate\u00bb button_alignment=\u00bbright\u00bb _builder_version=\u00bb4.17.4&#8243; _module_preset=\u00bbdefault\u00bb custom_button=\u00bbon\u00bb button_text_size=\u00bb24px\u00bb button_text_color=\u00bb#FFFFFF\u00bb button_bg_color=\u00bb#a3242c\u00bb button_border_width=\u00bb0px\u00bb button_border_color=\u00bb#000000&#8243; button_border_radius=\u00bb8px\u00bb button_letter_spacing=\u00bb0px\u00bb button_font=\u00bbAlata||||||||\u00bb button_icon=\u00bb&#x24;||divi||400&#8243; button_icon_color=\u00bb#FFFFFF\u00bb button_icon_placement=\u00bbleft\u00bb animation_style=\u00bbfade\u00bb animation_duration=\u00bb150ms\u00bb global_colors_info=\u00bb{}\u00bb][\/et_pb_button][\/et_pb_column][\/et_pb_row][\/et_pb_section][et_pb_section fb_built=\u00bb1&#8243; _builder_version=\u00bb4.17.4&#8243; _module_preset=\u00bbdefault\u00bb use_background_color_gradient=\u00bbon\u00bb background_color_gradient_stops=\u00bb#f2f2f2 0%|#ffffff 43%\u00bb custom_padding=\u00bb0px||0px|||\u00bb global_colors_info=\u00bb{}\u00bb][et_pb_row _builder_version=\u00bb4.17.4&#8243; _module_preset=\u00bbdefault\u00bb custom_padding=\u00bb0px||0px|||\u00bb global_colors_info=\u00bb{}\u00bb][et_pb_column type=\u00bb4_4&#8243; _builder_version=\u00bb4.17.4&#8243; _module_preset=\u00bbdefault\u00bb global_colors_info=\u00bb{}\u00bb][et_pb_text content_tablet=\u00bb<\/p>\n<blockquote>\n<p><strong><span style=%22color: #a3242c;%22>Haz crecer tu negocio con Fr8App.<\/span><\/strong><\/p>\n<p><span style=%22color: #a3242c;%22>Accede a nuestro tablero de cargas con nuevas rutas disponibles desde Coppell, TX<\/span><\/p>\n<\/blockquote>\n<p>\u00bb content_phone=\u00bb<\/p>\n<blockquote>\n<p><strong><span style=%22color: #a3242c;%22>Haz crecer tu negocio con Fr8App.<\/span><\/strong><\/p>\n<p><span style=%22color: #a3242c;%22>Accede a nuestro tablero de cargas con nuevas rutas disponibles desde Coppell, TX<\/span><\/p>\n<\/blockquote>\n<p>\u00bb content_last_edited=\u00bbon|desktop\u00bb disabled_on=\u00bboff|off|off\u00bb _builder_version=\u00bb4.17.4&#8243; _module_preset=\u00bbdefault\u00bb text_font=\u00bbAlata||||||||\u00bb text_font_size=\u00bb20px\u00bb text_line_height=\u00bb1.9em\u00bb width=\u00bb100%\u00bb custom_margin=\u00bb||0px|0px|false|false\u00bb custom_padding=\u00bb27px||50px|||\u00bb text_font_size_tablet=\u00bb20px\u00bb text_font_size_phone=\u00bb17px\u00bb text_font_size_last_edited=\u00bbon|phone\u00bb global_colors_info=\u00bb{}\u00bb]<\/p>\n<h1><strong><span style=\"color: #a3242c;\">Haz crecer tu negocio con Fr8App<\/span><\/strong><\/h1>\n<p><span style=\"color: #a3242c;\">Accede a nuestro tablero de cargas con nuevas rutas disponibles desde Coppell, TX<\/span><\/p>\n<p>[\/et_pb_text][et_pb_image src=\u00bbhttps:\/\/www.fr8.app\/wp-content\/uploads\/2022\/09\/blob-02.png\u00bb title_text=\u00bbblob-02&#8243; _builder_version=\u00bb4.17.4&#8243; _module_preset=\u00bbdefault\u00bb transform_scale=\u00bb29%|29%\u00bb transform_origin=\u00bb3%|-33%\u00bb custom_margin=\u00bb||-52px|-18px|false|false\u00bb custom_margin_tablet=\u00bb||-52px|-18px|false|false\u00bb custom_margin_phone=\u00bb||-70px|-4px|false|false\u00bb custom_margin_last_edited=\u00bbon|phone\u00bb global_colors_info=\u00bb{}\u00bb][\/et_pb_image][\/et_pb_column][\/et_pb_row][et_pb_row column_structure=\u00bb1_3,1_3,1_3&#8243; _builder_version=\u00bb4.17.4&#8243; _module_preset=\u00bbdefault\u00bb global_colors_info=\u00bb{}\u00bb][et_pb_column type=\u00bb1_3&#8243; _builder_version=\u00bb4.17.4&#8243; _module_preset=\u00bbdefault\u00bb global_colors_info=\u00bb{}\u00bb][et_pb_blurb title=\u00bb+ de 20 cargas al d\u00eda desde Coppell\u00bb image=\u00bbhttps:\/\/www.fr8.app\/wp-content\/uploads\/2022\/09\/truck-driver-1.webp\u00bb alt=\u00bbtruck-driver\u00bb _builder_version=\u00bb4.17.4&#8243; _module_preset=\u00bbdefault\u00bb header_font=\u00bbAlata|700|||||||\u00bb header_text_align=\u00bbcenter\u00bb header_font_size=\u00bb19px\u00bb header_line_height=\u00bb1.3em\u00bb body_font=\u00bbAlata||||||||\u00bb body_text_align=\u00bbcenter\u00bb custom_margin=\u00bb||||false|false\u00bb animation=\u00bbleft\u00bb hover_transition_duration=\u00bb0ms\u00bb custom_css_main_element=\u00bbborder-radius: 10px;||box-shadow: 3px 3px 5px #f1f1f1&#8243; custom_css_blurb_image=\u00bbborder-radius: 10px;||box-shadow: 3px 3px 5px #f1f1f1&#8243; border_radii_image=\u00bboff|7px|7px||\u00bb global_colors_info=\u00bb{}\u00bb]<\/p>\n<p>Buscamos transportistas cualificados en Coppell para transportar cargas de manera regular por todo el pa\u00eds.<\/p>\n<p>[\/et_pb_blurb][\/et_pb_column][et_pb_column type=\u00bb1_3&#8243; _builder_version=\u00bb4.17.4&#8243; _module_preset=\u00bbdefault\u00bb global_colors_info=\u00bb{}\u00bb][et_pb_blurb title=\u00bbReg\u00edstrate en menos de 20 minutos\u00bb image=\u00bbhttps:\/\/www.fr8.app\/wp-content\/uploads\/2022\/09\/Fr8App_user.webp\u00bb alt=\u00bbfr8app-user\u00bb _builder_version=\u00bb4.17.4&#8243; _module_preset=\u00bbdefault\u00bb header_font=\u00bbAlata|700|||||||\u00bb header_text_align=\u00bbcenter\u00bb header_font_size=\u00bb19px\u00bb header_line_height=\u00bb1.3em\u00bb body_font=\u00bbAlata||||||||\u00bb body_text_align=\u00bbcenter\u00bb custom_margin=\u00bb||||false|false\u00bb animation=\u00bbleft\u00bb hover_transition_duration=\u00bb0ms\u00bb custom_css_main_element=\u00bbborder-radius: 10px;||box-shadow: 3px 3px 5px #f1f1f1&#8243; custom_css_blurb_image=\u00bbborder-radius: 10px;||box-shadow: 3px 3px 5px #f1f1f1&#8243; border_radii_image=\u00bboff|7px|7px||\u00bb global_colors_info=\u00bb{}\u00bb]<\/p>\n<p>Reg\u00edstrate en Fr8App y empieza a mover carga hoy mismo gracias a nuestro registro simplificado v\u00eda RMIS en menos de 20 minutos.<\/p>\n<p>[\/et_pb_blurb][\/et_pb_column][et_pb_column type=\u00bb1_3&#8243; _builder_version=\u00bb4.17.4&#8243; _module_preset=\u00bbdefault\u00bb global_colors_info=\u00bb{}\u00bb][et_pb_blurb title=\u00bbHablamos ingl\u00e9s\u00bb image=\u00bbhttps:\/\/www.fr8.app\/wp-content\/uploads\/2022\/09\/operator.webp\u00bb alt=\u00bbf8-operator\u00bb _builder_version=\u00bb4.17.4&#8243; _module_preset=\u00bbdefault\u00bb header_font=\u00bbAlata|700|||||||\u00bb header_text_align=\u00bbcenter\u00bb header_font_size=\u00bb19px\u00bb header_line_height=\u00bb1.3em\u00bb body_font=\u00bbAlata||||||||\u00bb body_text_align=\u00bbcenter\u00bb custom_margin=\u00bb||||false|false\u00bb animation=\u00bbleft\u00bb hover_transition_duration=\u00bb0ms\u00bb custom_css_main_element=\u00bbborder-radius: 10px;||box-shadow: 3px 3px 5px #f1f1f1&#8243; custom_css_blurb_image=\u00bbborder-radius: 10px;||box-shadow: 3px 3px 5px #f1f1f1&#8243; border_radii_image=\u00bboff|7px|7px||\u00bb global_colors_info=\u00bb{}\u00bb]<\/p>\n<p>\u00bfHablas ingl\u00e9s? \u00a1Nosotros tambi\u00e9n! Nuestro equipo de expertos 100% biling\u00fce te ayudar\u00e1 en todas tus operaciones.<\/p>\n<p>[\/et_pb_blurb][\/et_pb_column][\/et_pb_row][\/et_pb_section][et_pb_section fb_built=\u00bb1&#8243; _builder_version=\u00bb4.17.4&#8243; _module_preset=\u00bbdefault\u00bb custom_padding=\u00bb0px||0px|||\u00bb global_colors_info=\u00bb{}\u00bb][et_pb_row _builder_version=\u00bb4.17.4&#8243; _module_preset=\u00bbdefault\u00bb global_colors_info=\u00bb{}\u00bb][et_pb_column type=\u00bb4_4&#8243; _builder_version=\u00bb4.17.4&#8243; _module_preset=\u00bbdefault\u00bb global_colors_info=\u00bb{}\u00bb][et_pb_button button_url=\u00bbhttps:\/\/fr8hubcarriers.rmissecure.com\/_c\/std\/reg\/DOTLookupStdV3.aspx#nogo\u00bb button_text=\u00bbReg\u00edstrate ahora\u00bb button_alignment=\u00bbcenter\u00bb _builder_version=\u00bb4.17.4&#8243; _module_preset=\u00bbdefault\u00bb custom_button=\u00bbon\u00bb button_text_size=\u00bb31px\u00bb button_text_color=\u00bb#FFFFFF\u00bb button_bg_color=\u00bb#a3242c\u00bb button_border_width=\u00bb1px\u00bb button_border_radius=\u00bb18px\u00bb button_letter_spacing=\u00bb0px\u00bb button_font=\u00bbAlata||||||||\u00bb button_icon=\u00bb&#xf0d1;||fa||900&#8243; button_icon_color=\u00bb#FFFFFF\u00bb button_icon_placement=\u00bbleft\u00bb global_colors_info=\u00bb{}\u00bb][\/et_pb_button][\/et_pb_column][\/et_pb_row][\/et_pb_section][et_pb_section fb_built=\u00bb1&#8243; _builder_version=\u00bb4.17.4&#8243; _module_preset=\u00bbdefault\u00bb global_colors_info=\u00bb{}\u00bb][et_pb_row column_structure=\u00bb1_3,1_3,1_3&#8243; _builder_version=\u00bb4.17.4&#8243; _module_preset=\u00bbdefault\u00bb global_colors_info=\u00bb{}\u00bb][et_pb_column type=\u00bb1_3&#8243; _builder_version=\u00bb4.17.4&#8243; _module_preset=\u00bbdefault\u00bb global_colors_info=\u00bb{}\u00bb][\/et_pb_column][et_pb_column type=\u00bb1_3&#8243; _builder_version=\u00bb4.17.4&#8243; _module_preset=\u00bbdefault\u00bb global_colors_info=\u00bb{}\u00bb][et_pb_text _builder_version=\u00bb4.17.4&#8243; text_font=\u00bbAlata||||||||\u00bb text_text_color=\u00bb#000000&#8243; text_font_size=\u00bb21px\u00bb header_3_font=\u00bbfr8hub avenir book|600|||||||\u00bb header_3_text_color=\u00bb#c01722&#8243; header_3_font_size=\u00bb25px\u00bb min_height=\u00bb12px\u00bb custom_margin=\u00bb|0px|||false|false\u00bb inline_fonts=\u00bbOpen Sans\u00bb global_colors_info=\u00bb{}\u00bb]<\/p>\n<h4 style=\"text-align: center;\"><strong>Contacta con un experto <\/strong><\/h4>\n<h4 style=\"text-align: center;\">+1 (773) 905 5076<\/h4>\n<p>[\/et_pb_text][\/et_pb_column][et_pb_column type=\u00bb1_3&#8243; _builder_version=\u00bb4.17.4&#8243; _module_preset=\u00bbdefault\u00bb global_colors_info=\u00bb{}\u00bb][\/et_pb_column][\/et_pb_row][\/et_pb_section]<\/p>\n","protected":false},"excerpt":{"rendered":"<p>\u00bfBuscas carga desde Coppell, TX? \u00a1Reg\u00edstrate en Fr8App hoy y comienza a mover cargas! Buscas cargas desde Coppell, TX? \u00a1Reg\u00edstrate en Fr8App hoy y comienza a mover cargas! Haz crecer tu negocio con Fr8App Accede a nuestro tablero de cargas con nuevas rutas disponibles desde Coppell, TXBuscamos transportistas cualificados en Coppell para transportar cargas de [&hellip;]<\/p>\n","protected":false},"author":6,"featured_media":4737,"parent":0,"menu_order":0,"comment_status":"closed","ping_status":"closed","template":"","meta":{"_et_pb_use_builder":"on","_et_pb_old_content":"","_et_gb_content_width":"","footnotes":""},"class_list":["post-4794","page","type-page","status-publish","has-post-thumbnail","hentry"],"yoast_head":"<!-- This site is optimized with the Yoast SEO plugin v26.6 - https:\/\/yoast.com\/wordpress\/plugins\/seo\/ -->\n<title>c-onboarding-coppell - Fr8App<\/title>\n<meta name=\"description\" content=\"c-onboarding-coppell\" \/>\n<meta name=\"robots\" content=\"index, follow, max-snippet:-1, max-image-preview:large, max-video-preview:-1\" \/>\n<link rel=\"canonical\" href=\"https:\/\/www.fr8.app\/es\/c-onboarding-coppell\/\" \/>\n<meta property=\"og:locale\" content=\"es_ES\" \/>\n<meta property=\"og:type\" content=\"article\" \/>\n<meta property=\"og:title\" content=\"c-onboarding-coppell - Fr8App\" \/>\n<meta property=\"og:description\" content=\"c-onboarding-coppell\" \/>\n<meta property=\"og:url\" content=\"https:\/\/www.fr8.app\/es\/c-onboarding-coppell\/\" \/>\n<meta property=\"og:site_name\" content=\"Fr8App\" \/>\n<meta property=\"article:publisher\" content=\"https:\/\/www.facebook.com\/Fr8app\/\" \/>\n<meta property=\"article:modified_time\" content=\"2022-09-21T12:52:42+00:00\" \/>\n<meta property=\"og:image\" content=\"https:\/\/www.fr8.app\/wp-content\/uploads\/2022\/09\/truck-driver-1.webp\" \/>\n\t<meta property=\"og:image:width\" content=\"1600\" \/>\n\t<meta property=\"og:image:height\" content=\"1066\" \/>\n\t<meta property=\"og:image:type\" content=\"image\/webp\" \/>\n<meta name=\"twitter:card\" content=\"summary_large_image\" \/>\n<meta name=\"twitter:site\" content=\"@Fr8app\" \/>\n<meta name=\"twitter:label1\" content=\"Tiempo de lectura\" \/>\n\t<meta name=\"twitter:data1\" content=\"7 minutos\" \/>\n<script type=\"application\/ld+json\" class=\"yoast-schema-graph\">{\"@context\":\"https:\/\/schema.org\",\"@graph\":[{\"@type\":\"WebPage\",\"@id\":\"https:\/\/www.fr8.app\/es\/c-onboarding-coppell\/\",\"url\":\"https:\/\/www.fr8.app\/es\/c-onboarding-coppell\/\",\"name\":\"c-onboarding-coppell - Fr8App\",\"isPartOf\":{\"@id\":\"https:\/\/www.fr8.app\/es\/#website\"},\"primaryImageOfPage\":{\"@id\":\"https:\/\/www.fr8.app\/es\/c-onboarding-coppell\/#primaryimage\"},\"image\":{\"@id\":\"https:\/\/www.fr8.app\/es\/c-onboarding-coppell\/#primaryimage\"},\"thumbnailUrl\":\"https:\/\/www.fr8.app\/wp-content\/uploads\/2022\/09\/truck-driver-1.webp\",\"datePublished\":\"2022-09-21T11:24:38+00:00\",\"dateModified\":\"2022-09-21T12:52:42+00:00\",\"description\":\"c-onboarding-coppell\",\"breadcrumb\":{\"@id\":\"https:\/\/www.fr8.app\/es\/c-onboarding-coppell\/#breadcrumb\"},\"inLanguage\":\"es\",\"potentialAction\":[{\"@type\":\"ReadAction\",\"target\":[\"https:\/\/www.fr8.app\/es\/c-onboarding-coppell\/\"]}]},{\"@type\":\"ImageObject\",\"inLanguage\":\"es\",\"@id\":\"https:\/\/www.fr8.app\/es\/c-onboarding-coppell\/#primaryimage\",\"url\":\"https:\/\/www.fr8.app\/wp-content\/uploads\/2022\/09\/truck-driver-1.webp\",\"contentUrl\":\"https:\/\/www.fr8.app\/wp-content\/uploads\/2022\/09\/truck-driver-1.webp\",\"width\":1600,\"height\":1066,\"caption\":\"truck-driver\"},{\"@type\":\"BreadcrumbList\",\"@id\":\"https:\/\/www.fr8.app\/es\/c-onboarding-coppell\/#breadcrumb\",\"itemListElement\":[{\"@type\":\"ListItem\",\"position\":1,\"name\":\"Home\",\"item\":\"https:\/\/www.fr8.app\/es\/\"},{\"@type\":\"ListItem\",\"position\":2,\"name\":\"c-onboarding-coppell\"}]},{\"@type\":\"WebSite\",\"@id\":\"https:\/\/www.fr8.app\/es\/#website\",\"url\":\"https:\/\/www.fr8.app\/es\/\",\"name\":\"Freight App\",\"description\":\"Cross Border Shipping - Freight matching Platform\",\"publisher\":{\"@id\":\"https:\/\/www.fr8.app\/es\/#organization\"},\"alternateName\":\"Fr8App\",\"potentialAction\":[{\"@type\":\"SearchAction\",\"target\":{\"@type\":\"EntryPoint\",\"urlTemplate\":\"https:\/\/www.fr8.app\/es\/?s={search_term_string}\"},\"query-input\":{\"@type\":\"PropertyValueSpecification\",\"valueRequired\":true,\"valueName\":\"search_term_string\"}}],\"inLanguage\":\"es\"},{\"@type\":\"Organization\",\"@id\":\"https:\/\/www.fr8.app\/es\/#organization\",\"name\":\"Freight App\",\"alternateName\":\"Fr8App\",\"url\":\"https:\/\/www.fr8.app\/es\/\",\"logo\":{\"@type\":\"ImageObject\",\"inLanguage\":\"es\",\"@id\":\"https:\/\/www.fr8.app\/es\/#\/schema\/logo\/image\/\",\"url\":\"https:\/\/www.fr8.app\/wp-content\/uploads\/2022\/10\/logo-fr8-r.png\",\"contentUrl\":\"https:\/\/www.fr8.app\/wp-content\/uploads\/2022\/10\/logo-fr8-r.png\",\"width\":1024,\"height\":1024,\"caption\":\"Freight App\"},\"image\":{\"@id\":\"https:\/\/www.fr8.app\/es\/#\/schema\/logo\/image\/\"},\"sameAs\":[\"https:\/\/www.facebook.com\/Fr8app\/\",\"https:\/\/x.com\/Fr8app\",\"https:\/\/www.instagram.com\/fr8app\/\",\"https:\/\/www.linkedin.com\/company\/fr8app\/\",\"https:\/\/www.youtube.com\/channel\/UC5gPsUj3WmvLWWLFu83EMEA\"]}]}<\/script>\n<!-- \/ Yoast SEO plugin. -->","yoast_head_json":{"title":"c-onboarding-coppell - Fr8App","description":"c-onboarding-coppell","robots":{"index":"index","follow":"follow","max-snippet":"max-snippet:-1","max-image-preview":"max-image-preview:large","max-video-preview":"max-video-preview:-1"},"canonical":"https:\/\/www.fr8.app\/es\/c-onboarding-coppell\/","og_locale":"es_ES","og_type":"article","og_title":"c-onboarding-coppell - Fr8App","og_description":"c-onboarding-coppell","og_url":"https:\/\/www.fr8.app\/es\/c-onboarding-coppell\/","og_site_name":"Fr8App","article_publisher":"https:\/\/www.facebook.com\/Fr8app\/","article_modified_time":"2022-09-21T12:52:42+00:00","og_image":[{"width":1600,"height":1066,"url":"https:\/\/www.fr8.app\/wp-content\/uploads\/2022\/09\/truck-driver-1.webp","type":"image\/webp"}],"twitter_card":"summary_large_image","twitter_site":"@Fr8app","twitter_misc":{"Tiempo de lectura":"7 minutos"},"schema":{"@context":"https:\/\/schema.org","@graph":[{"@type":"WebPage","@id":"https:\/\/www.fr8.app\/es\/c-onboarding-coppell\/","url":"https:\/\/www.fr8.app\/es\/c-onboarding-coppell\/","name":"c-onboarding-coppell - Fr8App","isPartOf":{"@id":"https:\/\/www.fr8.app\/es\/#website"},"primaryImageOfPage":{"@id":"https:\/\/www.fr8.app\/es\/c-onboarding-coppell\/#primaryimage"},"image":{"@id":"https:\/\/www.fr8.app\/es\/c-onboarding-coppell\/#primaryimage"},"thumbnailUrl":"https:\/\/www.fr8.app\/wp-content\/uploads\/2022\/09\/truck-driver-1.webp","datePublished":"2022-09-21T11:24:38+00:00","dateModified":"2022-09-21T12:52:42+00:00","description":"c-onboarding-coppell","breadcrumb":{"@id":"https:\/\/www.fr8.app\/es\/c-onboarding-coppell\/#breadcrumb"},"inLanguage":"es","potentialAction":[{"@type":"ReadAction","target":["https:\/\/www.fr8.app\/es\/c-onboarding-coppell\/"]}]},{"@type":"ImageObject","inLanguage":"es","@id":"https:\/\/www.fr8.app\/es\/c-onboarding-coppell\/#primaryimage","url":"https:\/\/www.fr8.app\/wp-content\/uploads\/2022\/09\/truck-driver-1.webp","contentUrl":"https:\/\/www.fr8.app\/wp-content\/uploads\/2022\/09\/truck-driver-1.webp","width":1600,"height":1066,"caption":"truck-driver"},{"@type":"BreadcrumbList","@id":"https:\/\/www.fr8.app\/es\/c-onboarding-coppell\/#breadcrumb","itemListElement":[{"@type":"ListItem","position":1,"name":"Home","item":"https:\/\/www.fr8.app\/es\/"},{"@type":"ListItem","position":2,"name":"c-onboarding-coppell"}]},{"@type":"WebSite","@id":"https:\/\/www.fr8.app\/es\/#website","url":"https:\/\/www.fr8.app\/es\/","name":"Freight App","description":"Cross Border Shipping - Freight matching Platform","publisher":{"@id":"https:\/\/www.fr8.app\/es\/#organization"},"alternateName":"Fr8App","potentialAction":[{"@type":"SearchAction","target":{"@type":"EntryPoint","urlTemplate":"https:\/\/www.fr8.app\/es\/?s={search_term_string}"},"query-input":{"@type":"PropertyValueSpecification","valueRequired":true,"valueName":"search_term_string"}}],"inLanguage":"es"},{"@type":"Organization","@id":"https:\/\/www.fr8.app\/es\/#organization","name":"Freight App","alternateName":"Fr8App","url":"https:\/\/www.fr8.app\/es\/","logo":{"@type":"ImageObject","inLanguage":"es","@id":"https:\/\/www.fr8.app\/es\/#\/schema\/logo\/image\/","url":"https:\/\/www.fr8.app\/wp-content\/uploads\/2022\/10\/logo-fr8-r.png","contentUrl":"https:\/\/www.fr8.app\/wp-content\/uploads\/2022\/10\/logo-fr8-r.png","width":1024,"height":1024,"caption":"Freight App"},"image":{"@id":"https:\/\/www.fr8.app\/es\/#\/schema\/logo\/image\/"},"sameAs":["https:\/\/www.facebook.com\/Fr8app\/","https:\/\/x.com\/Fr8app","https:\/\/www.instagram.com\/fr8app\/","https:\/\/www.linkedin.com\/company\/fr8app\/","https:\/\/www.youtube.com\/channel\/UC5gPsUj3WmvLWWLFu83EMEA"]}]}},"_links":{"self":[{"href":"https:\/\/www.fr8.app\/es\/wp-json\/wp\/v2\/pages\/4794","targetHints":{"allow":["GET"]}}],"collection":[{"href":"https:\/\/www.fr8.app\/es\/wp-json\/wp\/v2\/pages"}],"about":[{"href":"https:\/\/www.fr8.app\/es\/wp-json\/wp\/v2\/types\/page"}],"author":[{"embeddable":true,"href":"https:\/\/www.fr8.app\/es\/wp-json\/wp\/v2\/users\/6"}],"replies":[{"embeddable":true,"href":"https:\/\/www.fr8.app\/es\/wp-json\/wp\/v2\/comments?post=4794"}],"version-history":[{"count":8,"href":"https:\/\/www.fr8.app\/es\/wp-json\/wp\/v2\/pages\/4794\/revisions"}],"predecessor-version":[{"id":4806,"href":"https:\/\/www.fr8.app\/es\/wp-json\/wp\/v2\/pages\/4794\/revisions\/4806"}],"wp:featuredmedia":[{"embeddable":true,"href":"https:\/\/www.fr8.app\/es\/wp-json\/wp\/v2\/media\/4737"}],"wp:attachment":[{"href":"https:\/\/www.fr8.app\/es\/wp-json\/wp\/v2\/media?parent=4794"}],"curies":[{"name":"wp","href":"https:\/\/api.w.org\/{rel}","templated":true}]}}