{"id":3156,"date":"2021-12-02T01:46:44","date_gmt":"2021-12-02T01:46:44","guid":{"rendered":"https:\/\/www.fr8.app\/?page_id=3156"},"modified":"2021-12-02T01:47:52","modified_gmt":"2021-12-02T01:47:52","slug":"estamos-mejorando","status":"publish","type":"page","link":"https:\/\/www.fr8.app\/es\/estamos-mejorando\/","title":{"rendered":"Estamos Mejorando"},"content":{"rendered":"<p>[et_pb_section fb_built=\u00bb1&#8243; _builder_version=\u00bb4.10.8&#8243; background_color=\u00bb#be1b29&#8243; background_enable_image=\u00bboff\u00bb height=\u00bb700px\u00bb custom_margin_tablet=\u00bb\u00bb custom_margin_phone=\u00bb\u00bb custom_margin_last_edited=\u00bbon|phone\u00bb custom_padding=\u00bb||5px|0px|false|false\u00bb global_colors_info=\u00bb{}\u00bb theme_builder_area=\u00bbpost_content\u00bb][et_pb_row _builder_version=\u00bb4.14.1&#8243; width=\u00bb91%\u00bb max_width=\u00bb1544px\u00bb module_alignment=\u00bbcenter\u00bb custom_margin=\u00bb||-6px||false|false\u00bb custom_padding=\u00bb||0px||false|false\u00bb global_colors_info=\u00bb{}\u00bb theme_builder_area=\u00bbpost_content\u00bb][et_pb_column type=\u00bb4_4&#8243; _builder_version=\u00bb4.14.1&#8243; _module_preset=\u00bbdefault\u00bb global_colors_info=\u00bb{}\u00bb theme_builder_area=\u00bbpost_content\u00bb][et_pb_text _builder_version=\u00bb4.4.8&#8243; text_font=\u00bbfr8hub avenir book||||||||\u00bb text_text_color=\u00bb#000000&#8243; text_font_size=\u00bb21px\u00bb header_3_font=\u00bbfr8hub avenir book|600|||||||\u00bb header_3_text_color=\u00bb#c01722&#8243; header_3_font_size=\u00bb25px\u00bb custom_margin=\u00bb|0px|-38px|-48px|false|false\u00bb inline_fonts=\u00bbOpen Sans\u00bb global_colors_info=\u00bb{}\u00bb theme_builder_area=\u00bbpost_content\u00bb][\/et_pb_text][et_pb_text _builder_version=\u00bb4.14.1&#8243; _module_preset=\u00bbdefault\u00bb theme_builder_area=\u00bbpost_content\u00bb hover_enabled=\u00bb0&#8243; sticky_enabled=\u00bb0&#8243;]<\/p>\n<h3 style=\"text-align: center;\"><span style=\"color: #ffffff;\">\u00a1Estamos mejorando!\u00a0<\/span><\/h3>\n<h5 style=\"text-align: center;\"><span style=\"color: #ffffff;\">Estaremos de vuelta en breve.<\/span><\/h5>\n<p><span style=\"color: #ffffff;\"><img decoding=\"async\" src=\"https:\/\/www.fr8.app\/wp-content\/uploads\/2021\/12\/fr8app-beback.png\" width=\"600\" height=\"310\" alt=\"\" class=\"wp-image-3160 alignnone size-full\" style=\"display: block; margin-left: auto; margin-right: auto;\" srcset=\"https:\/\/www.fr8.app\/wp-content\/uploads\/2021\/12\/fr8app-beback.png 600w, https:\/\/www.fr8.app\/wp-content\/uploads\/2021\/12\/fr8app-beback-480x248.png 480w\" sizes=\"(min-width: 0px) and (max-width: 480px) 480px, (min-width: 481px) 600px, 100vw\" \/><\/span><\/p>\n<p>[\/et_pb_text][\/et_pb_column][\/et_pb_row][\/et_pb_section][et_pb_section fb_built=\u00bb1&#8243; _builder_version=\u00bb4.10.8&#8243; background_color=\u00bb#f8f8f8&#8243; background_enable_image=\u00bboff\u00bb parallax=\u00bbon\u00bb custom_margin=\u00bb0px||0px||false|false\u00bb custom_margin_tablet=\u00bb\u00bb custom_margin_phone=\u00bb\u00bb custom_margin_last_edited=\u00bbon|phone\u00bb custom_padding=\u00bb||60px|0px|false|false\u00bb global_colors_info=\u00bb{}\u00bb theme_builder_area=\u00bbpost_content\u00bb][et_pb_row column_structure=\u00bb2_3,1_3&#8243; _builder_version=\u00bb4.14.1&#8243; width=\u00bb91%\u00bb max_width=\u00bb1544px\u00bb module_alignment=\u00bbcenter\u00bb custom_margin=\u00bb||0px||false|false\u00bb custom_padding=\u00bb||0px||false|false\u00bb global_colors_info=\u00bb{}\u00bb theme_builder_area=\u00bbpost_content\u00bb][et_pb_column type=\u00bb2_3&#8243; _builder_version=\u00bb4.4.8&#8243; global_colors_info=\u00bb{}\u00bb theme_builder_area=\u00bbpost_content\u00bb][et_pb_text _builder_version=\u00bb4.10.7&#8243; _module_preset=\u00bbdefault\u00bb global_colors_info=\u00bb{}\u00bb theme_builder_area=\u00bbpost_content\u00bb]<\/p>\n<p><span style=\"color: #515151;\"><span>Nuestra innovadora tecnolog\u00eda para env\u00edos de cargas, agiliza y simplifica el env\u00edo transfronterizo, conectando a embarcadores con una amplia red de transportistas y conductores confiables en M\u00e9xico, Canad\u00e1 y Estados Unidos y brindando precios transparentes para la capacidad de carga disponible en ambos lados de la frontera.<\/span><\/span><\/p>\n<p>Somos los primeros y \u00fanicos en combinar nuestro conocimiento tecnol\u00f3gico con un conocimiento detallado del transporte transfronterizo por carretera.<\/p>\n<p>[\/et_pb_text][\/et_pb_column][et_pb_column type=\u00bb1_3&#8243; _builder_version=\u00bb4.4.8&#8243; global_colors_info=\u00bb{}\u00bb theme_builder_area=\u00bbpost_content\u00bb][et_pb_text _builder_version=\u00bb4.14.1&#8243; _module_preset=\u00bbdefault\u00bb global_colors_info=\u00bb{}\u00bb theme_builder_area=\u00bbpost_content\u00bb]<\/p>\n<p><img decoding=\"async\" src=\"https:\/\/www.fr8.app\/wp-content\/uploads\/2021\/09\/fr8app-shippers-laptop-1024x625.png\" width=\"1024\" height=\"625\" alt=\"\" class=\"wp-image-2383 alignnone size-large\" srcset=\"https:\/\/www.fr8.app\/wp-content\/uploads\/2021\/09\/fr8app-shippers-laptop-980x598.png 980w, https:\/\/www.fr8.app\/wp-content\/uploads\/2021\/09\/fr8app-shippers-laptop-480x293.png 480w\" sizes=\"(min-width: 0px) and (max-width: 480px) 480px, (min-width: 481px) and (max-width: 980px) 980px, (min-width: 981px) 1024px, 100vw\" \/><\/p>\n<p>[\/et_pb_text][\/et_pb_column][\/et_pb_row][\/et_pb_section][et_pb_section fb_built=\u00bb1&#8243; _builder_version=\u00bb4.10.8&#8243; _module_preset=\u00bbdefault\u00bb background_color=\u00bb#f1f1f1&#8243; global_colors_info=\u00bb{}\u00bb theme_builder_area=\u00bbpost_content\u00bb][et_pb_row _builder_version=\u00bb4.10.8&#8243; _module_preset=\u00bbdefault\u00bb global_colors_info=\u00bb{}\u00bb theme_builder_area=\u00bbpost_content\u00bb][et_pb_column type=\u00bb4_4&#8243; _builder_version=\u00bb4.10.8&#8243; _module_preset=\u00bbdefault\u00bb global_colors_info=\u00bb{}\u00bb theme_builder_area=\u00bbpost_content\u00bb][et_pb_text _builder_version=\u00bb4.10.8&#8243; _module_preset=\u00bbdefault\u00bb global_colors_info=\u00bb{}\u00bb theme_builder_area=\u00bbpost_content\u00bb]<\/p>\n<h2 style=\"text-align: left;\"><strong>NUESTRAS UBICACIONES &gt;&gt;<\/strong><\/h2>\n<p>[\/et_pb_text][\/et_pb_column][\/et_pb_row][et_pb_row column_structure=\u00bb1_5,1_5,1_5,1_5,1_5&#8243; _builder_version=\u00bb4.10.8&#8243; _module_preset=\u00bbdefault\u00bb global_colors_info=\u00bb{}\u00bb theme_builder_area=\u00bbpost_content\u00bb][et_pb_column type=\u00bb1_5&#8243; _builder_version=\u00bb4.10.8&#8243; _module_preset=\u00bbdefault\u00bb global_colors_info=\u00bb{}\u00bb theme_builder_area=\u00bbpost_content\u00bb][et_pb_text _builder_version=\u00bb4.10.8&#8243; _module_preset=\u00bbdefault\u00bb global_colors_info=\u00bb{}\u00bb theme_builder_area=\u00bbpost_content\u00bb]<\/p>\n<h4 style=\"text-align: left;\"><strong><img decoding=\"async\" src=\"https:\/\/www.fr8.app\/wp-content\/uploads\/2020\/10\/Fr8Hub-Website_About-5-1.png\" width=\"342\" height=\"290\" alt=\"\" class=\"wp-image-1022 alignnone size-full\" srcset=\"https:\/\/www.fr8.app\/wp-content\/uploads\/2020\/10\/Fr8Hub-Website_About-5-1.png 342w, https:\/\/www.fr8.app\/wp-content\/uploads\/2020\/10\/Fr8Hub-Website_About-5-1-300x254.png 300w\" sizes=\"(max-width: 342px) 100vw, 342px\" \/><\/strong><\/h4>\n<h4 style=\"text-align: left;\"><strong>New York City<\/strong><\/h4>\n<p><strong>New York, USA<\/strong><\/p>\n<p>[\/et_pb_text][\/et_pb_column][et_pb_column type=\u00bb1_5&#8243; _builder_version=\u00bb4.10.8&#8243; _module_preset=\u00bbdefault\u00bb global_colors_info=\u00bb{}\u00bb theme_builder_area=\u00bbpost_content\u00bb][et_pb_text _builder_version=\u00bb4.10.8&#8243; _module_preset=\u00bbdefault\u00bb global_colors_info=\u00bb{}\u00bb theme_builder_area=\u00bbpost_content\u00bb]<\/p>\n<h4 style=\"text-align: left;\"><img decoding=\"async\" src=\"https:\/\/www.fr8.app\/wp-content\/uploads\/2020\/10\/Fr8Hub-Website_About-6-1.png\" width=\"342\" height=\"290\" alt=\"\" class=\"wp-image-1023 alignnone size-full\" srcset=\"https:\/\/www.fr8.app\/wp-content\/uploads\/2020\/10\/Fr8Hub-Website_About-6-1.png 342w, https:\/\/www.fr8.app\/wp-content\/uploads\/2020\/10\/Fr8Hub-Website_About-6-1-300x254.png 300w\" sizes=\"(max-width: 342px) 100vw, 342px\" \/><\/h4>\n<h4 style=\"text-align: left;\"><strong>Chicago<\/strong><\/h4>\n<p><strong>Illinois, USA<\/strong><\/p>\n<p>[\/et_pb_text][\/et_pb_column][et_pb_column type=\u00bb1_5&#8243; _builder_version=\u00bb4.10.8&#8243; _module_preset=\u00bbdefault\u00bb global_colors_info=\u00bb{}\u00bb theme_builder_area=\u00bbpost_content\u00bb][et_pb_text _builder_version=\u00bb4.14.1&#8243; _module_preset=\u00bbdefault\u00bb global_colors_info=\u00bb{}\u00bb theme_builder_area=\u00bbpost_content\u00bb]<\/p>\n<h4 style=\"text-align: left;\"><img decoding=\"async\" src=\"https:\/\/www.fr8.app\/wp-content\/uploads\/2021\/10\/Fr8app-Website_houston.jpg\" width=\"342\" height=\"290\" alt=\"\" class=\"wp-image-3077 alignnone size-full\" srcset=\"https:\/\/www.fr8.app\/wp-content\/uploads\/2021\/10\/Fr8app-Website_houston.jpg 342w, https:\/\/www.fr8.app\/wp-content\/uploads\/2021\/10\/Fr8app-Website_houston-300x254.jpg 300w\" sizes=\"(max-width: 342px) 100vw, 342px\" \/><\/h4>\n<h4 style=\"text-align: left;\"><strong>Houston<\/strong><\/h4>\n<p><strong>Texas, USA<\/strong><\/p>\n<p>[\/et_pb_text][\/et_pb_column][et_pb_column type=\u00bb1_5&#8243; _builder_version=\u00bb4.10.8&#8243; _module_preset=\u00bbdefault\u00bb global_colors_info=\u00bb{}\u00bb theme_builder_area=\u00bbpost_content\u00bb][et_pb_text _builder_version=\u00bb4.10.8&#8243; _module_preset=\u00bbdefault\u00bb global_colors_info=\u00bb{}\u00bb theme_builder_area=\u00bbpost_content\u00bb]<\/p>\n<h4 style=\"text-align: left;\"><img decoding=\"async\" src=\"https:\/\/www.fr8.app\/wp-content\/uploads\/2020\/10\/Fr8Hub-Website_About-8-1.png\" width=\"342\" height=\"290\" alt=\"\" class=\"wp-image-1025 alignnone size-full\" srcset=\"https:\/\/www.fr8.app\/wp-content\/uploads\/2020\/10\/Fr8Hub-Website_About-8-1.png 342w, https:\/\/www.fr8.app\/wp-content\/uploads\/2020\/10\/Fr8Hub-Website_About-8-1-300x254.png 300w\" sizes=\"(max-width: 342px) 100vw, 342px\" \/><\/h4>\n<h4 style=\"text-align: left;\"><strong>Ciudad de M\u00e9xico<\/strong><\/h4>\n<p><strong>Estado de M\u00e9xico, MEX<\/strong><\/p>\n<p>[\/et_pb_text][\/et_pb_column][et_pb_column type=\u00bb1_5&#8243; _builder_version=\u00bb4.10.8&#8243; _module_preset=\u00bbdefault\u00bb global_colors_info=\u00bb{}\u00bb theme_builder_area=\u00bbpost_content\u00bb][et_pb_text _builder_version=\u00bb4.10.8&#8243; _module_preset=\u00bbdefault\u00bb global_colors_info=\u00bb{}\u00bb theme_builder_area=\u00bbpost_content\u00bb]<\/p>\n<h4 style=\"text-align: left;\"><img decoding=\"async\" src=\"https:\/\/www.fr8.app\/wp-content\/uploads\/2020\/10\/Fr8Hub-Website_About-9-1.png\" width=\"342\" height=\"290\" alt=\"\" class=\"wp-image-1026 alignnone size-full\" srcset=\"https:\/\/www.fr8.app\/wp-content\/uploads\/2020\/10\/Fr8Hub-Website_About-9-1.png 342w, https:\/\/www.fr8.app\/wp-content\/uploads\/2020\/10\/Fr8Hub-Website_About-9-1-300x254.png 300w\" sizes=\"(max-width: 342px) 100vw, 342px\" \/><\/h4>\n<h4 style=\"text-align: left;\"><strong>Monterrey<\/strong><\/h4>\n<p><strong>Nuevo Le\u00f3n, MEX<\/strong><\/p>\n<p>[\/et_pb_text][\/et_pb_column][\/et_pb_row][\/et_pb_section]<\/p>\n","protected":false},"excerpt":{"rendered":"<p>\u00a1Estamos mejorando!\u00a0 Estaremos de vuelta en breve. Nuestra innovadora tecnolog\u00eda para env\u00edos de cargas, agiliza y simplifica el env\u00edo transfronterizo, conectando a embarcadores con una amplia red de transportistas y conductores confiables en M\u00e9xico, Canad\u00e1 y Estados Unidos y brindando precios transparentes para la capacidad de carga disponible en ambos lados de la frontera. Somos [&hellip;]<\/p>\n","protected":false},"author":6,"featured_media":0,"parent":0,"menu_order":0,"comment_status":"closed","ping_status":"closed","template":"","meta":{"_et_pb_use_builder":"on","_et_pb_old_content":"","_et_gb_content_width":"","footnotes":""},"class_list":["post-3156","page","type-page","status-publish","hentry"],"yoast_head":"<!-- This site is optimized with the Yoast SEO plugin v26.6 - https:\/\/yoast.com\/wordpress\/plugins\/seo\/ -->\n<title>Estamos Mejorando - Fr8App<\/title>\n<meta name=\"description\" content=\"Estamos Mejorando\" \/>\n<meta name=\"robots\" content=\"index, follow, max-snippet:-1, max-image-preview:large, max-video-preview:-1\" \/>\n<link rel=\"canonical\" href=\"https:\/\/www.fr8.app\/es\/estamos-mejorando\/\" \/>\n<meta property=\"og:locale\" content=\"es_ES\" \/>\n<meta property=\"og:type\" content=\"article\" \/>\n<meta property=\"og:title\" content=\"Estamos Mejorando - Fr8App\" \/>\n<meta property=\"og:description\" content=\"Estamos Mejorando\" \/>\n<meta property=\"og:url\" content=\"https:\/\/www.fr8.app\/es\/estamos-mejorando\/\" \/>\n<meta property=\"og:site_name\" content=\"Fr8App\" \/>\n<meta property=\"article:publisher\" content=\"https:\/\/www.facebook.com\/Fr8app\/\" \/>\n<meta property=\"article:modified_time\" content=\"2021-12-02T01:47:52+00:00\" \/>\n<meta property=\"og:image\" content=\"https:\/\/www.fr8.app\/wp-content\/uploads\/2021\/12\/fr8app-beback.png\" \/>\n<meta name=\"twitter:card\" content=\"summary_large_image\" \/>\n<meta name=\"twitter:site\" content=\"@Fr8app\" \/>\n<script type=\"application\/ld+json\" class=\"yoast-schema-graph\">{\"@context\":\"https:\/\/schema.org\",\"@graph\":[{\"@type\":\"WebPage\",\"@id\":\"https:\/\/www.fr8.app\/es\/estamos-mejorando\/\",\"url\":\"https:\/\/www.fr8.app\/es\/estamos-mejorando\/\",\"name\":\"Estamos Mejorando - Fr8App\",\"isPartOf\":{\"@id\":\"https:\/\/www.fr8.app\/es\/#website\"},\"primaryImageOfPage\":{\"@id\":\"https:\/\/www.fr8.app\/es\/estamos-mejorando\/#primaryimage\"},\"image\":{\"@id\":\"https:\/\/www.fr8.app\/es\/estamos-mejorando\/#primaryimage\"},\"thumbnailUrl\":\"https:\/\/www.fr8.app\/wp-content\/uploads\/2021\/12\/fr8app-beback.png\",\"datePublished\":\"2021-12-02T01:46:44+00:00\",\"dateModified\":\"2021-12-02T01:47:52+00:00\",\"description\":\"Estamos Mejorando\",\"breadcrumb\":{\"@id\":\"https:\/\/www.fr8.app\/es\/estamos-mejorando\/#breadcrumb\"},\"inLanguage\":\"es\",\"potentialAction\":[{\"@type\":\"ReadAction\",\"target\":[\"https:\/\/www.fr8.app\/es\/estamos-mejorando\/\"]}]},{\"@type\":\"ImageObject\",\"inLanguage\":\"es\",\"@id\":\"https:\/\/www.fr8.app\/es\/estamos-mejorando\/#primaryimage\",\"url\":\"https:\/\/www.fr8.app\/wp-content\/uploads\/2021\/12\/fr8app-beback.png\",\"contentUrl\":\"https:\/\/www.fr8.app\/wp-content\/uploads\/2021\/12\/fr8app-beback.png\"},{\"@type\":\"BreadcrumbList\",\"@id\":\"https:\/\/www.fr8.app\/es\/estamos-mejorando\/#breadcrumb\",\"itemListElement\":[{\"@type\":\"ListItem\",\"position\":1,\"name\":\"Home\",\"item\":\"https:\/\/www.fr8.app\/es\/\"},{\"@type\":\"ListItem\",\"position\":2,\"name\":\"Estamos Mejorando\"}]},{\"@type\":\"WebSite\",\"@id\":\"https:\/\/www.fr8.app\/es\/#website\",\"url\":\"https:\/\/www.fr8.app\/es\/\",\"name\":\"Freight App\",\"description\":\"Cross Border Shipping - Freight matching Platform\",\"publisher\":{\"@id\":\"https:\/\/www.fr8.app\/es\/#organization\"},\"alternateName\":\"Fr8App\",\"potentialAction\":[{\"@type\":\"SearchAction\",\"target\":{\"@type\":\"EntryPoint\",\"urlTemplate\":\"https:\/\/www.fr8.app\/es\/?s={search_term_string}\"},\"query-input\":{\"@type\":\"PropertyValueSpecification\",\"valueRequired\":true,\"valueName\":\"search_term_string\"}}],\"inLanguage\":\"es\"},{\"@type\":\"Organization\",\"@id\":\"https:\/\/www.fr8.app\/es\/#organization\",\"name\":\"Freight App\",\"alternateName\":\"Fr8App\",\"url\":\"https:\/\/www.fr8.app\/es\/\",\"logo\":{\"@type\":\"ImageObject\",\"inLanguage\":\"es\",\"@id\":\"https:\/\/www.fr8.app\/es\/#\/schema\/logo\/image\/\",\"url\":\"https:\/\/www.fr8.app\/wp-content\/uploads\/2022\/10\/logo-fr8-r.png\",\"contentUrl\":\"https:\/\/www.fr8.app\/wp-content\/uploads\/2022\/10\/logo-fr8-r.png\",\"width\":1024,\"height\":1024,\"caption\":\"Freight App\"},\"image\":{\"@id\":\"https:\/\/www.fr8.app\/es\/#\/schema\/logo\/image\/\"},\"sameAs\":[\"https:\/\/www.facebook.com\/Fr8app\/\",\"https:\/\/x.com\/Fr8app\",\"https:\/\/www.instagram.com\/fr8app\/\",\"https:\/\/www.linkedin.com\/company\/fr8app\/\",\"https:\/\/www.youtube.com\/channel\/UC5gPsUj3WmvLWWLFu83EMEA\"]}]}<\/script>\n<!-- \/ Yoast SEO plugin. -->","yoast_head_json":{"title":"Estamos Mejorando - Fr8App","description":"Estamos Mejorando","robots":{"index":"index","follow":"follow","max-snippet":"max-snippet:-1","max-image-preview":"max-image-preview:large","max-video-preview":"max-video-preview:-1"},"canonical":"https:\/\/www.fr8.app\/es\/estamos-mejorando\/","og_locale":"es_ES","og_type":"article","og_title":"Estamos Mejorando - Fr8App","og_description":"Estamos Mejorando","og_url":"https:\/\/www.fr8.app\/es\/estamos-mejorando\/","og_site_name":"Fr8App","article_publisher":"https:\/\/www.facebook.com\/Fr8app\/","article_modified_time":"2021-12-02T01:47:52+00:00","og_image":[{"url":"https:\/\/www.fr8.app\/wp-content\/uploads\/2021\/12\/fr8app-beback.png","type":"","width":"","height":""}],"twitter_card":"summary_large_image","twitter_site":"@Fr8app","schema":{"@context":"https:\/\/schema.org","@graph":[{"@type":"WebPage","@id":"https:\/\/www.fr8.app\/es\/estamos-mejorando\/","url":"https:\/\/www.fr8.app\/es\/estamos-mejorando\/","name":"Estamos Mejorando - Fr8App","isPartOf":{"@id":"https:\/\/www.fr8.app\/es\/#website"},"primaryImageOfPage":{"@id":"https:\/\/www.fr8.app\/es\/estamos-mejorando\/#primaryimage"},"image":{"@id":"https:\/\/www.fr8.app\/es\/estamos-mejorando\/#primaryimage"},"thumbnailUrl":"https:\/\/www.fr8.app\/wp-content\/uploads\/2021\/12\/fr8app-beback.png","datePublished":"2021-12-02T01:46:44+00:00","dateModified":"2021-12-02T01:47:52+00:00","description":"Estamos Mejorando","breadcrumb":{"@id":"https:\/\/www.fr8.app\/es\/estamos-mejorando\/#breadcrumb"},"inLanguage":"es","potentialAction":[{"@type":"ReadAction","target":["https:\/\/www.fr8.app\/es\/estamos-mejorando\/"]}]},{"@type":"ImageObject","inLanguage":"es","@id":"https:\/\/www.fr8.app\/es\/estamos-mejorando\/#primaryimage","url":"https:\/\/www.fr8.app\/wp-content\/uploads\/2021\/12\/fr8app-beback.png","contentUrl":"https:\/\/www.fr8.app\/wp-content\/uploads\/2021\/12\/fr8app-beback.png"},{"@type":"BreadcrumbList","@id":"https:\/\/www.fr8.app\/es\/estamos-mejorando\/#breadcrumb","itemListElement":[{"@type":"ListItem","position":1,"name":"Home","item":"https:\/\/www.fr8.app\/es\/"},{"@type":"ListItem","position":2,"name":"Estamos Mejorando"}]},{"@type":"WebSite","@id":"https:\/\/www.fr8.app\/es\/#website","url":"https:\/\/www.fr8.app\/es\/","name":"Freight App","description":"Cross Border Shipping - Freight matching Platform","publisher":{"@id":"https:\/\/www.fr8.app\/es\/#organization"},"alternateName":"Fr8App","potentialAction":[{"@type":"SearchAction","target":{"@type":"EntryPoint","urlTemplate":"https:\/\/www.fr8.app\/es\/?s={search_term_string}"},"query-input":{"@type":"PropertyValueSpecification","valueRequired":true,"valueName":"search_term_string"}}],"inLanguage":"es"},{"@type":"Organization","@id":"https:\/\/www.fr8.app\/es\/#organization","name":"Freight App","alternateName":"Fr8App","url":"https:\/\/www.fr8.app\/es\/","logo":{"@type":"ImageObject","inLanguage":"es","@id":"https:\/\/www.fr8.app\/es\/#\/schema\/logo\/image\/","url":"https:\/\/www.fr8.app\/wp-content\/uploads\/2022\/10\/logo-fr8-r.png","contentUrl":"https:\/\/www.fr8.app\/wp-content\/uploads\/2022\/10\/logo-fr8-r.png","width":1024,"height":1024,"caption":"Freight App"},"image":{"@id":"https:\/\/www.fr8.app\/es\/#\/schema\/logo\/image\/"},"sameAs":["https:\/\/www.facebook.com\/Fr8app\/","https:\/\/x.com\/Fr8app","https:\/\/www.instagram.com\/fr8app\/","https:\/\/www.linkedin.com\/company\/fr8app\/","https:\/\/www.youtube.com\/channel\/UC5gPsUj3WmvLWWLFu83EMEA"]}]}},"_links":{"self":[{"href":"https:\/\/www.fr8.app\/es\/wp-json\/wp\/v2\/pages\/3156","targetHints":{"allow":["GET"]}}],"collection":[{"href":"https:\/\/www.fr8.app\/es\/wp-json\/wp\/v2\/pages"}],"about":[{"href":"https:\/\/www.fr8.app\/es\/wp-json\/wp\/v2\/types\/page"}],"author":[{"embeddable":true,"href":"https:\/\/www.fr8.app\/es\/wp-json\/wp\/v2\/users\/6"}],"replies":[{"embeddable":true,"href":"https:\/\/www.fr8.app\/es\/wp-json\/wp\/v2\/comments?post=3156"}],"version-history":[{"count":3,"href":"https:\/\/www.fr8.app\/es\/wp-json\/wp\/v2\/pages\/3156\/revisions"}],"predecessor-version":[{"id":3165,"href":"https:\/\/www.fr8.app\/es\/wp-json\/wp\/v2\/pages\/3156\/revisions\/3165"}],"wp:attachment":[{"href":"https:\/\/www.fr8.app\/es\/wp-json\/wp\/v2\/media?parent=3156"}],"curies":[{"name":"wp","href":"https:\/\/api.w.org\/{rel}","templated":true}]}}